{"id":20,"date":"2024-04-17T11:51:40","date_gmt":"2024-04-17T14:51:40","guid":{"rendered":"https:\/\/dannalmeida.com\/?page_id=20"},"modified":"2024-04-24T19:22:21","modified_gmt":"2024-04-24T22:22:21","slug":"contato","status":"publish","type":"page","link":"https:\/\/dannalmeida.com\/en\/contato\/","title":{"rendered":"(Portugu\u00eas do Brasil) Contato"},"content":{"rendered":"<p class=\"qtranxs-available-languages-message qtranxs-available-languages-message-en\">Sorry, this entry is only available in <a href=\"https:\/\/dannalmeida.com\/pb\/wp-json\/wp\/v2\/pages\/20\" class=\"qtranxs-available-language-link qtranxs-available-language-link-pb\" title=\"Portugu\u00eas do Brasil\">Portugu\u00eas do Brasil<\/a>.<\/p>","protected":false},"excerpt":{"rendered":"<p>Sorry, this entry is only available in Portugu\u00eas do Brasil.<\/p>\n","protected":false},"author":1,"featured_media":125,"parent":0,"menu_order":0,"comment_status":"closed","ping_status":"closed","template":"","meta":{"footnotes":""},"class_list":["post-20","page","type-page","status-publish","has-post-thumbnail","hentry"],"yoast_head":"<!-- This site is optimized with the Yoast SEO plugin v27.2 - https:\/\/yoast.com\/product\/yoast-seo-wordpress\/ -->\n<title>Contato<\/title>\n<meta name=\"description\" content=\"Entre em contato. Estou dispon\u00edvel e pronto para receber suas mensagens, d\u00favidas, propostas e coment\u00e1rios.\" \/>\n<meta name=\"robots\" content=\"index, follow, max-snippet:-1, max-image-preview:large, max-video-preview:-1\" \/>\n<link rel=\"canonical\" href=\"https:\/\/dannalmeida.com\/en\/contato\/\" \/>\n<meta property=\"og:locale\" content=\"en_US\" \/>\n<meta property=\"og:type\" content=\"article\" \/>\n<meta property=\"og:title\" content=\"Contato\" \/>\n<meta property=\"og:description\" content=\"Entre em contato. Estou dispon\u00edvel e pronto para receber suas mensagens, d\u00favidas, propostas e coment\u00e1rios.\" \/>\n<meta property=\"og:url\" content=\"https:\/\/dannalmeida.com\/en\/contato\/\" \/>\n<meta property=\"og:site_name\" content=\"Daniel Almeida | Web Development Specialist\" \/>\n<meta property=\"article:modified_time\" content=\"2024-04-24T22:22:21+00:00\" \/>\n<meta property=\"og:image\" content=\"https:\/\/dannalmeida.com\/wp-content\/uploads\/2024\/04\/img-dannalmeida.jpg\" \/>\n\t<meta property=\"og:image:width\" content=\"512\" \/>\n\t<meta property=\"og:image:height\" content=\"512\" \/>\n\t<meta property=\"og:image:type\" content=\"image\/jpeg\" \/>\n<meta name=\"twitter:card\" content=\"summary_large_image\" \/>\n<meta name=\"twitter:label1\" content=\"Est. reading time\" \/>\n\t<meta name=\"twitter:data1\" content=\"2 minutes\" \/>\n<script type=\"application\/ld+json\" class=\"yoast-schema-graph\">{\"@context\":\"https:\/\/schema.org\",\"@graph\":[{\"@type\":\"WebPage\",\"@id\":\"https:\/\/dannalmeida.com\/en\/contato\/\",\"url\":\"https:\/\/dannalmeida.com\/en\/contato\/\",\"name\":\"Contato\",\"isPartOf\":{\"@id\":\"https:\/\/dannalmeida.com\/en\/#website\"},\"primaryImageOfPage\":{\"@id\":\"https:\/\/dannalmeida.com\/en\/contato\/#primaryimage\"},\"image\":{\"@id\":\"https:\/\/dannalmeida.com\/contato\/#primaryimage\"},\"thumbnailUrl\":\"https:\/\/dannalmeida.com\/wp-content\/uploads\/2024\/04\/img-dannalmeida.jpg\",\"datePublished\":\"2024-04-17T14:51:40+00:00\",\"dateModified\":\"2024-04-24T22:22:21+00:00\",\"description\":\"Entre em contato. Estou dispon\u00edvel e pronto para receber suas mensagens, d\u00favidas, propostas e coment\u00e1rios.\",\"inLanguage\":\"en-US\",\"potentialAction\":[{\"@type\":\"ReadAction\",\"target\":[[\"https:\/\/dannalmeida.com\/en\/contato\/\"]]}]},{\"@type\":\"ImageObject\",\"inLanguage\":\"en-US\",\"@id\":\"https:\/\/dannalmeida.com\/en\/contato\/#primaryimage\",\"url\":\"https:\/\/dannalmeida.com\/wp-content\/uploads\/2024\/04\/img-dannalmeida.jpg\",\"contentUrl\":\"https:\/\/dannalmeida.com\/wp-content\/uploads\/2024\/04\/img-dannalmeida.jpg\",\"width\":512,\"height\":512,\"caption\":\"Contato\"},{\"@type\":\"WebSite\",\"@id\":\"https:\/\/dannalmeida.com\/en\/#website\",\"url\":\"https:\/\/dannalmeida.com\/en\/\",\"name\":\"Daniel Almeida | Web Development Specialist\",\"description\":\"Systems analyst with over 10 years of experience in creating responsive websites, web systems, online stores, SEO optimization, and paid traffic.\",\"potentialAction\":[{\"@type\":\"SearchAction\",\"target\":{\"@type\":\"EntryPoint\",\"urlTemplate\":\"https:\/\/dannalmeida.com\/en\/?s={search_term_string}\"},\"query-input\":{\"@type\":\"PropertyValueSpecification\",\"valueRequired\":true,\"valueName\":\"search_term_string\"}}],\"inLanguage\":\"en-US\"}]}<\/script>\n<!-- \/ Yoast SEO plugin. -->","yoast_head_json":{"title":"Contato","description":"Entre em contato. Estou dispon\u00edvel e pronto para receber suas mensagens, d\u00favidas, propostas e coment\u00e1rios.","robots":{"index":"index","follow":"follow","max-snippet":"max-snippet:-1","max-image-preview":"max-image-preview:large","max-video-preview":"max-video-preview:-1"},"canonical":"https:\/\/dannalmeida.com\/en\/contato\/","og_locale":"en_US","og_type":"article","og_title":"Contato","og_description":"Entre em contato. Estou dispon\u00edvel e pronto para receber suas mensagens, d\u00favidas, propostas e coment\u00e1rios.","og_url":"https:\/\/dannalmeida.com\/en\/contato\/","og_site_name":"Daniel Almeida | Web Development Specialist","article_modified_time":"2024-04-24T22:22:21+00:00","og_image":[{"width":512,"height":512,"url":"https:\/\/dannalmeida.com\/wp-content\/uploads\/2024\/04\/img-dannalmeida.jpg","type":"image\/jpeg"}],"twitter_card":"summary_large_image","twitter_misc":{"Est. reading time":"2 minutes"},"schema":{"@context":"https:\/\/schema.org","@graph":[{"@type":"WebPage","@id":"https:\/\/dannalmeida.com\/en\/contato\/","url":"https:\/\/dannalmeida.com\/en\/contato\/","name":"Contato","isPartOf":{"@id":"https:\/\/dannalmeida.com\/en\/#website"},"primaryImageOfPage":{"@id":"https:\/\/dannalmeida.com\/en\/contato\/#primaryimage"},"image":{"@id":"https:\/\/dannalmeida.com\/contato\/#primaryimage"},"thumbnailUrl":"https:\/\/dannalmeida.com\/wp-content\/uploads\/2024\/04\/img-dannalmeida.jpg","datePublished":"2024-04-17T14:51:40+00:00","dateModified":"2024-04-24T22:22:21+00:00","description":"Entre em contato. Estou dispon\u00edvel e pronto para receber suas mensagens, d\u00favidas, propostas e coment\u00e1rios.","inLanguage":"en-US","potentialAction":[{"@type":"ReadAction","target":[["https:\/\/dannalmeida.com\/en\/contato\/"]]}]},{"@type":"ImageObject","inLanguage":"en-US","@id":"https:\/\/dannalmeida.com\/en\/contato\/#primaryimage","url":"https:\/\/dannalmeida.com\/wp-content\/uploads\/2024\/04\/img-dannalmeida.jpg","contentUrl":"https:\/\/dannalmeida.com\/wp-content\/uploads\/2024\/04\/img-dannalmeida.jpg","width":512,"height":512,"caption":"Contato"},{"@type":"WebSite","@id":"https:\/\/dannalmeida.com\/en\/#website","url":"https:\/\/dannalmeida.com\/en\/","name":"Daniel Almeida | Web Development Specialist","description":"Systems analyst with over 10 years of experience in creating responsive websites, web systems, online stores, SEO optimization, and paid traffic.","potentialAction":[{"@type":"SearchAction","target":{"@type":"EntryPoint","urlTemplate":"https:\/\/dannalmeida.com\/en\/?s={search_term_string}"},"query-input":{"@type":"PropertyValueSpecification","valueRequired":true,"valueName":"search_term_string"}}],"inLanguage":"en-US"}]}},"_links":{"self":[{"href":"https:\/\/dannalmeida.com\/en\/wp-json\/wp\/v2\/pages\/20","targetHints":{"allow":["GET"]}}],"collection":[{"href":"https:\/\/dannalmeida.com\/en\/wp-json\/wp\/v2\/pages"}],"about":[{"href":"https:\/\/dannalmeida.com\/en\/wp-json\/wp\/v2\/types\/page"}],"author":[{"embeddable":true,"href":"https:\/\/dannalmeida.com\/en\/wp-json\/wp\/v2\/users\/1"}],"replies":[{"embeddable":true,"href":"https:\/\/dannalmeida.com\/en\/wp-json\/wp\/v2\/comments?post=20"}],"version-history":[{"count":2,"href":"https:\/\/dannalmeida.com\/en\/wp-json\/wp\/v2\/pages\/20\/revisions"}],"predecessor-version":[{"id":126,"href":"https:\/\/dannalmeida.com\/en\/wp-json\/wp\/v2\/pages\/20\/revisions\/126"}],"wp:featuredmedia":[{"embeddable":true,"href":"https:\/\/dannalmeida.com\/en\/wp-json\/wp\/v2\/media\/125"}],"wp:attachment":[{"href":"https:\/\/dannalmeida.com\/en\/wp-json\/wp\/v2\/media?parent=20"}],"curies":[{"name":"wp","href":"https:\/\/api.w.org\/{rel}","templated":true}]}}